{"id":122925,"date":"2024-06-18T15:15:29","date_gmt":"2024-06-18T13:15:29","guid":{"rendered":"https:\/\/lineact.cesi.fr\/?page_id=122925"},"modified":"2025-11-21T14:55:43","modified_gmt":"2025-11-21T13:55:43","slug":"digitalisation-and-industrialisation-of-the-construction-process","status":"publish","type":"page","link":"https:\/\/lineact.cesi.fr\/en\/engineering-and-numerical-tools\/thematics\/digitalisation-and-industrialisation-of-the-construction-process\/","title":{"rendered":"Digitalisation and industrialisation of the construction process"},"content":{"rendered":"\n<div class=\"wp-block-group section hero is-layout-flow wp-block-group-is-layout-flow\">\n<div class=\"wp-block-group hero__text-wrapper is-layout-flow wp-block-group-is-layout-flow\">\n<div class=\"wp-block-group hero__text-core is-layout-flow wp-block-group-is-layout-flow\">\n<div class=\"wp-block-group hero__text-edito has-yellow-background-color has-background is-layout-flow wp-block-group-is-layout-flow\"><h1 class=\"title--1 is-style-title-cesi-underline wp-block-post-title\"><span>Digitalisation and industrialisation of the construction process<\/span><\/h1>\n\n<div class=\"wp-block-post-excerpt\"><p class=\"wp-block-post-excerpt__excerpt\">Discover the theme : &#8220;Digitalisation and industrialisation of the construction process&#8221; <\/p><\/div><\/div>\n\n\n\n<div class=\"wp-block-group hero__text-nav smaller-font is-layout-flow wp-block-group-is-layout-flow\">\n<h2 class=\"wp-block-heading hero__text-nav-title\">In this page&nbsp;:<\/h2>\n\n\n\n<ul class=\"list-slug wp-block-list\">\n<li><a href=\"#presentation\">Theme presentation<\/a><\/li>\n\n\n\n<li><a href=\"#ec\">Enseignants-chercheurs<\/a><\/li>\n\n\n\n<li><a href=\"#phd\">PhD Students<\/a><\/li>\n<\/ul>\n<\/div>\n<\/div>\n<\/div>\n<\/div>\n\n\n\n<div id=\"presentation\" class=\"wp-block-group section is-layout-flow wp-block-group-is-layout-flow\">\n<div class=\"wp-block-group wrapper__inner is-layout-flow wp-block-group-is-layout-flow\">\n<h2 class=\"wp-block-heading title--2 is-style-title-cesi-underline\"><span><strong><strong>Theme presentation<\/strong><\/strong><\/span><\/h2>\n\n\n\n<h3 class=\"wp-block-heading title--3\"><strong>Application Areas<\/strong><\/h3>\n\n\n\n<ul class=\"wp-block-list\">\n<li>Construction 4. 0 and sustainable city<\/li>\n<\/ul>\n\n\n\n<div class=\"wp-block-group editorial__picture editorial__aside is-style-editorial-aside-big editorial__aside--picture is-layout-flow wp-block-group-is-layout-flow\">\n<figure class=\"wp-block-image aligncenter size-full\"><img loading=\"lazy\" decoding=\"async\" width=\"571\" height=\"402\" src=\"https:\/\/lineact.cesi.fr\/wp-content\/uploads\/2024\/06\/DIAC_1.png\" alt=\"\nLean\/BIM Synergy\nLean Principles\nSelect an Appropriate Production Control Approach\nUse Visual Management\nDesign the Production System for Flow and Value\nFocus on Concept Selection\nReduce Variability\nReduce Cycle Times\nBuilding Information Modeling Functionalities\nVisualization of Form\nCollaboration in Design and Construction\nReuse of Model Data for Predictive Analyses\nMaintenance of Information and Design Model Integrity\nRapid Generation of Multiple Design Alternatives\nAutomated Generation of Drawings and Documents\nHigh-quality performance\" class=\"wp-image-122917\" srcset=\"https:\/\/lineact.cesi.fr\/wp-content\/uploads\/2024\/06\/DIAC_1.png 571w, https:\/\/lineact.cesi.fr\/wp-content\/uploads\/2024\/06\/DIAC_1-360x253.png 360w, https:\/\/lineact.cesi.fr\/wp-content\/uploads\/2024\/06\/DIAC_1-500x352.png 500w\" sizes=\"auto, (max-width: 571px) 100vw, 571px\" \/><\/figure>\n<\/div>\n\n\n\n<h3 class=\"wp-block-heading title--3\"><strong>Key Research Questions<\/strong><\/h3>\n\n\n\n<ul class=\"wp-block-list\">\n<li>How can LEAN and BIM interact?<\/li>\n\n\n\n<li>How can this interaction be exploited in the various phases of construction sites?<\/li>\n\n\n\n<li>How industrialize the act of building?<\/li>\n<\/ul>\n\n\n\n<hr class=\"wp-block-separator has-alpha-channel-opacity is-style-invisible\"\/>\n\n\n\n<h3 class=\"wp-block-heading title--3\"><strong>Illustrations of Scientific Activity<\/strong><\/h3>\n\n\n\n<p>El&nbsp;Mounla et al., 2023. Lean-BIM&nbsp;Approach&nbsp;for&nbsp;Improving&nbsp;the Performance of a&nbsp;Construction Project in the Design Phase. <em>Buildings<\/em>.&nbsp;<a href=\"https:\/\/hal.science\/hal-04083081\">hal-04083081<\/a><\/p>\n\n\n\n<ul class=\"wp-block-list\">\n<li>Trignac<sup>4<\/sup> project, AMI Sustainable City Demonstrator.<\/li>\n\n\n\n<li>Maroua Sbiti. Interaction Lean-BIM en phase ex\u00e9cution de projet de construction : D\u00e9veloppement d\u2019un outil de planification automatique bas\u00e9 sur les informations du b\u00e2timent pour soutenir la d\u00e9marche LPS\u00ae. HESAM Universit\u00e9, 2023. <a href=\"https:\/\/pastel.hal.science\/tel-04467480\">tel-04467480<\/a><\/li>\n<\/ul>\n\n\n\n<hr class=\"wp-block-separator has-alpha-channel-opacity is-style-invisible\"\/>\n\n\n\n<figure class=\"wp-block-image aligncenter size-full\"><img loading=\"lazy\" decoding=\"async\" width=\"1146\" height=\"647\" src=\"https:\/\/lineact.cesi.fr\/wp-content\/uploads\/2024\/06\/DIAC_2.png\" alt=\"\" class=\"wp-image-122919\" srcset=\"https:\/\/lineact.cesi.fr\/wp-content\/uploads\/2024\/06\/DIAC_2.png 1146w, https:\/\/lineact.cesi.fr\/wp-content\/uploads\/2024\/06\/DIAC_2-360x203.png 360w, https:\/\/lineact.cesi.fr\/wp-content\/uploads\/2024\/06\/DIAC_2-500x282.png 500w, https:\/\/lineact.cesi.fr\/wp-content\/uploads\/2024\/06\/DIAC_2-768x434.png 768w, https:\/\/lineact.cesi.fr\/wp-content\/uploads\/2024\/06\/DIAC_2-1024x578.png 1024w\" sizes=\"auto, (max-width: 1146px) 100vw, 1146px\" \/><\/figure>\n<\/div>\n\n\n\n<hr class=\"wp-block-separator has-alpha-channel-opacity is-style-invisible\"\/>\n\n\n\n<div class=\"wp-block-group wrapper__inner is-layout-flow wp-block-group-is-layout-flow\">\n<p>Feddoul et al., 2023. Exploring human-machine collaboration in industry: a systematic literature review of digital twin and robotics interfaced with extended reality technologies. <em>International Journal of Advanced Manufacturing Technology<\/em>. <a href=\"https:\/\/hal.science\/hal-04305917\">hal-04305917<\/a><\/p>\n<\/div>\n<\/div>\n\n\n\n<div id=\"ec\" class=\"wp-block-group section has-grey-background-color has-background is-layout-flow wp-block-group-is-layout-flow\">\n<div class=\"wp-block-group wrapper__inner is-layout-flow wp-block-group-is-layout-flow\">\n<h2 class=\"wp-block-heading title--2 is-style-title-cesi-underline\"><span>Researchers<\/span><\/h2>\n\n\n\n<ul class=\"wp-block-list\">\n<li>BEDDIAR Karim<em>, HDR<\/em><\/li>\n\n\n\n<li>BELADJINE Djaoued<\/li>\n\n\n\n<li>MAZARI Belahc\u00e8ne<em>, HDR<\/em><\/li>\n<\/ul>\n<\/div>\n<\/div>\n\n\n\n<div id=\"phd\" class=\"wp-block-group section is-style-editorial-aside-small has-white-background-color has-background is-layout-flow wp-block-group-is-layout-flow\">\n<div class=\"wp-block-group wrapper__inner is-layout-flow wp-block-group-is-layout-flow\">\n<h2 class=\"wp-block-heading title--2 is-style-title-cesi-underline\"><span><strong>PhD Students<\/strong><\/span><\/h2>\n\n\n\n<ul class=\"wp-block-list\">\n<li>MONLA Ziad, Maturity of virtual and augmented reality systems coupled with BIM in the building operation and maintenance phase, 2025<\/li>\n\n\n\n<li>EL MOUNLA Karim, Lean-BIM approach to improving construction project performance in the design phase, 2024<\/li>\n<\/ul>\n<\/div>\n<\/div>\n","protected":false},"excerpt":{"rendered":"<p>Discover the theme : &#8220;Digitalisation and industrialisation of the construction process&#8221;<\/p>\n","protected":false},"author":78,"featured_media":0,"parent":124206,"menu_order":0,"comment_status":"closed","ping_status":"closed","template":"","meta":{"_acf_changed":false,"footnotes":""},"class_list":["post-122925","page","type-page","status-publish","hentry"],"acf":[],"yoast_head":"<!-- This site is optimized with the Yoast SEO plugin v27.2 - https:\/\/yoast.com\/product\/yoast-seo-wordpress\/ -->\n<title>Digitalisation and industrialisation of the construction process - CESI LINEACT<\/title>\n<meta name=\"robots\" content=\"index, follow, max-snippet:-1, max-image-preview:large, max-video-preview:-1\" \/>\n<link rel=\"canonical\" href=\"https:\/\/lineact.cesi.fr\/en\/engineering-and-numerical-tools\/thematics\/digitalisation-and-industrialisation-of-the-construction-process\/\" \/>\n<meta property=\"og:locale\" content=\"en_US\" \/>\n<meta property=\"og:type\" content=\"article\" \/>\n<meta property=\"og:title\" content=\"Digitalisation and industrialisation of the construction process - CESI LINEACT\" \/>\n<meta property=\"og:description\" content=\"Discover the theme : &quot;Digitalisation and industrialisation of the construction process&quot;\" \/>\n<meta property=\"og:url\" content=\"https:\/\/lineact.cesi.fr\/en\/engineering-and-numerical-tools\/thematics\/digitalisation-and-industrialisation-of-the-construction-process\/\" \/>\n<meta property=\"og:site_name\" content=\"CESI LINEACT\" \/>\n<meta property=\"article:modified_time\" content=\"2025-11-21T13:55:43+00:00\" \/>\n<meta property=\"og:image\" content=\"https:\/\/lineact.cesi.fr\/wp-content\/uploads\/2024\/06\/DIAC_1.png\" \/>\n\t<meta property=\"og:image:width\" content=\"571\" \/>\n\t<meta property=\"og:image:height\" content=\"402\" \/>\n\t<meta property=\"og:image:type\" content=\"image\/png\" \/>\n<meta name=\"twitter:card\" content=\"summary_large_image\" \/>\n<meta name=\"twitter:label1\" content=\"Est. reading time\" \/>\n\t<meta name=\"twitter:data1\" content=\"2 minutes\" \/>\n<script type=\"application\/ld+json\" class=\"yoast-schema-graph\">{\"@context\":\"https:\/\/schema.org\",\"@graph\":[{\"@type\":\"WebPage\",\"@id\":\"https:\/\/lineact.cesi.fr\/en\/engineering-and-numerical-tools\/thematics\/digitalisation-and-industrialisation-of-the-construction-process\/\",\"url\":\"https:\/\/lineact.cesi.fr\/en\/engineering-and-numerical-tools\/thematics\/digitalisation-and-industrialisation-of-the-construction-process\/\",\"name\":\"Digitalisation and industrialisation of the construction process - CESI LINEACT\",\"isPartOf\":{\"@id\":\"https:\/\/lineact.cesi.fr\/en\/#website\"},\"primaryImageOfPage\":{\"@id\":\"https:\/\/lineact.cesi.fr\/en\/engineering-and-numerical-tools\/thematics\/digitalisation-and-industrialisation-of-the-construction-process\/#primaryimage\"},\"image\":{\"@id\":\"https:\/\/lineact.cesi.fr\/en\/engineering-and-numerical-tools\/thematics\/digitalisation-and-industrialisation-of-the-construction-process\/#primaryimage\"},\"thumbnailUrl\":\"https:\/\/lineact.cesi.fr\/wp-content\/uploads\/2024\/06\/DIAC_1.png\",\"datePublished\":\"2024-06-18T13:15:29+00:00\",\"dateModified\":\"2025-11-21T13:55:43+00:00\",\"breadcrumb\":{\"@id\":\"https:\/\/lineact.cesi.fr\/en\/engineering-and-numerical-tools\/thematics\/digitalisation-and-industrialisation-of-the-construction-process\/#breadcrumb\"},\"inLanguage\":\"en-US\",\"potentialAction\":[{\"@type\":\"ReadAction\",\"target\":[\"https:\/\/lineact.cesi.fr\/en\/engineering-and-numerical-tools\/thematics\/digitalisation-and-industrialisation-of-the-construction-process\/\"]}]},{\"@type\":\"ImageObject\",\"inLanguage\":\"en-US\",\"@id\":\"https:\/\/lineact.cesi.fr\/en\/engineering-and-numerical-tools\/thematics\/digitalisation-and-industrialisation-of-the-construction-process\/#primaryimage\",\"url\":\"https:\/\/lineact.cesi.fr\/wp-content\/uploads\/2024\/06\/DIAC_1.png\",\"contentUrl\":\"https:\/\/lineact.cesi.fr\/wp-content\/uploads\/2024\/06\/DIAC_1.png\"},{\"@type\":\"BreadcrumbList\",\"@id\":\"https:\/\/lineact.cesi.fr\/en\/engineering-and-numerical-tools\/thematics\/digitalisation-and-industrialisation-of-the-construction-process\/#breadcrumb\",\"itemListElement\":[{\"@type\":\"ListItem\",\"position\":1,\"name\":\"Accueil\",\"item\":\"https:\/\/lineact.cesi.fr\/en\/\"},{\"@type\":\"ListItem\",\"position\":2,\"name\":\"Engineering and Digital tools\",\"item\":\"https:\/\/lineact.cesi.fr\/en\/engineering-and-numerical-tools\/\"},{\"@type\":\"ListItem\",\"position\":3,\"name\":\"Thematics\",\"item\":\"https:\/\/lineact.cesi.fr\/en\/engineering-and-numerical-tools\/thematics\/\"},{\"@type\":\"ListItem\",\"position\":4,\"name\":\"Digitalisation and industrialisation of the construction process\"}]},{\"@type\":\"WebSite\",\"@id\":\"https:\/\/lineact.cesi.fr\/en\/#website\",\"url\":\"https:\/\/lineact.cesi.fr\/en\/\",\"name\":\"CESI LINEACT\",\"description\":\"Laboratoire de recherche et d&#039;innovation\",\"publisher\":{\"@id\":\"https:\/\/lineact.cesi.fr\/en\/#organization\"},\"potentialAction\":[{\"@type\":\"SearchAction\",\"target\":{\"@type\":\"EntryPoint\",\"urlTemplate\":\"https:\/\/lineact.cesi.fr\/en\/?s={search_term_string}\"},\"query-input\":{\"@type\":\"PropertyValueSpecification\",\"valueRequired\":true,\"valueName\":\"search_term_string\"}}],\"inLanguage\":\"en-US\"},{\"@type\":\"Organization\",\"@id\":\"https:\/\/lineact.cesi.fr\/en\/#organization\",\"name\":\"CESI LINEACT\",\"url\":\"https:\/\/lineact.cesi.fr\/en\/\",\"logo\":{\"@type\":\"ImageObject\",\"inLanguage\":\"en-US\",\"@id\":\"https:\/\/lineact.cesi.fr\/en\/#\/schema\/logo\/image\/\",\"url\":\"https:\/\/lineact.cesi.fr\/wp-content\/uploads\/2022\/11\/cropped-LOGOTYPE_CESI_QUADRI_RVB_2.png\",\"contentUrl\":\"https:\/\/lineact.cesi.fr\/wp-content\/uploads\/2022\/11\/cropped-LOGOTYPE_CESI_QUADRI_RVB_2.png\",\"width\":862,\"height\":112,\"caption\":\"CESI LINEACT\"},\"image\":{\"@id\":\"https:\/\/lineact.cesi.fr\/en\/#\/schema\/logo\/image\/\"}}]}<\/script>\n<!-- \/ Yoast SEO plugin. -->","yoast_head_json":{"title":"Digitalisation and industrialisation of the construction process - CESI LINEACT","robots":{"index":"index","follow":"follow","max-snippet":"max-snippet:-1","max-image-preview":"max-image-preview:large","max-video-preview":"max-video-preview:-1"},"canonical":"https:\/\/lineact.cesi.fr\/en\/engineering-and-numerical-tools\/thematics\/digitalisation-and-industrialisation-of-the-construction-process\/","og_locale":"en_US","og_type":"article","og_title":"Digitalisation and industrialisation of the construction process - CESI LINEACT","og_description":"Discover the theme : \"Digitalisation and industrialisation of the construction process\"","og_url":"https:\/\/lineact.cesi.fr\/en\/engineering-and-numerical-tools\/thematics\/digitalisation-and-industrialisation-of-the-construction-process\/","og_site_name":"CESI LINEACT","article_modified_time":"2025-11-21T13:55:43+00:00","og_image":[{"width":571,"height":402,"url":"https:\/\/lineact.cesi.fr\/wp-content\/uploads\/2024\/06\/DIAC_1.png","type":"image\/png"}],"twitter_card":"summary_large_image","twitter_misc":{"Est. reading time":"2 minutes"},"schema":{"@context":"https:\/\/schema.org","@graph":[{"@type":"WebPage","@id":"https:\/\/lineact.cesi.fr\/en\/engineering-and-numerical-tools\/thematics\/digitalisation-and-industrialisation-of-the-construction-process\/","url":"https:\/\/lineact.cesi.fr\/en\/engineering-and-numerical-tools\/thematics\/digitalisation-and-industrialisation-of-the-construction-process\/","name":"Digitalisation and industrialisation of the construction process - CESI LINEACT","isPartOf":{"@id":"https:\/\/lineact.cesi.fr\/en\/#website"},"primaryImageOfPage":{"@id":"https:\/\/lineact.cesi.fr\/en\/engineering-and-numerical-tools\/thematics\/digitalisation-and-industrialisation-of-the-construction-process\/#primaryimage"},"image":{"@id":"https:\/\/lineact.cesi.fr\/en\/engineering-and-numerical-tools\/thematics\/digitalisation-and-industrialisation-of-the-construction-process\/#primaryimage"},"thumbnailUrl":"https:\/\/lineact.cesi.fr\/wp-content\/uploads\/2024\/06\/DIAC_1.png","datePublished":"2024-06-18T13:15:29+00:00","dateModified":"2025-11-21T13:55:43+00:00","breadcrumb":{"@id":"https:\/\/lineact.cesi.fr\/en\/engineering-and-numerical-tools\/thematics\/digitalisation-and-industrialisation-of-the-construction-process\/#breadcrumb"},"inLanguage":"en-US","potentialAction":[{"@type":"ReadAction","target":["https:\/\/lineact.cesi.fr\/en\/engineering-and-numerical-tools\/thematics\/digitalisation-and-industrialisation-of-the-construction-process\/"]}]},{"@type":"ImageObject","inLanguage":"en-US","@id":"https:\/\/lineact.cesi.fr\/en\/engineering-and-numerical-tools\/thematics\/digitalisation-and-industrialisation-of-the-construction-process\/#primaryimage","url":"https:\/\/lineact.cesi.fr\/wp-content\/uploads\/2024\/06\/DIAC_1.png","contentUrl":"https:\/\/lineact.cesi.fr\/wp-content\/uploads\/2024\/06\/DIAC_1.png"},{"@type":"BreadcrumbList","@id":"https:\/\/lineact.cesi.fr\/en\/engineering-and-numerical-tools\/thematics\/digitalisation-and-industrialisation-of-the-construction-process\/#breadcrumb","itemListElement":[{"@type":"ListItem","position":1,"name":"Accueil","item":"https:\/\/lineact.cesi.fr\/en\/"},{"@type":"ListItem","position":2,"name":"Engineering and Digital tools","item":"https:\/\/lineact.cesi.fr\/en\/engineering-and-numerical-tools\/"},{"@type":"ListItem","position":3,"name":"Thematics","item":"https:\/\/lineact.cesi.fr\/en\/engineering-and-numerical-tools\/thematics\/"},{"@type":"ListItem","position":4,"name":"Digitalisation and industrialisation of the construction process"}]},{"@type":"WebSite","@id":"https:\/\/lineact.cesi.fr\/en\/#website","url":"https:\/\/lineact.cesi.fr\/en\/","name":"CESI LINEACT","description":"Laboratoire de recherche et d&#039;innovation","publisher":{"@id":"https:\/\/lineact.cesi.fr\/en\/#organization"},"potentialAction":[{"@type":"SearchAction","target":{"@type":"EntryPoint","urlTemplate":"https:\/\/lineact.cesi.fr\/en\/?s={search_term_string}"},"query-input":{"@type":"PropertyValueSpecification","valueRequired":true,"valueName":"search_term_string"}}],"inLanguage":"en-US"},{"@type":"Organization","@id":"https:\/\/lineact.cesi.fr\/en\/#organization","name":"CESI LINEACT","url":"https:\/\/lineact.cesi.fr\/en\/","logo":{"@type":"ImageObject","inLanguage":"en-US","@id":"https:\/\/lineact.cesi.fr\/en\/#\/schema\/logo\/image\/","url":"https:\/\/lineact.cesi.fr\/wp-content\/uploads\/2022\/11\/cropped-LOGOTYPE_CESI_QUADRI_RVB_2.png","contentUrl":"https:\/\/lineact.cesi.fr\/wp-content\/uploads\/2022\/11\/cropped-LOGOTYPE_CESI_QUADRI_RVB_2.png","width":862,"height":112,"caption":"CESI LINEACT"},"image":{"@id":"https:\/\/lineact.cesi.fr\/en\/#\/schema\/logo\/image\/"}}]}},"_links":{"self":[{"href":"https:\/\/lineact.cesi.fr\/en\/wp-json\/wp\/v2\/pages\/122925","targetHints":{"allow":["GET"]}}],"collection":[{"href":"https:\/\/lineact.cesi.fr\/en\/wp-json\/wp\/v2\/pages"}],"about":[{"href":"https:\/\/lineact.cesi.fr\/en\/wp-json\/wp\/v2\/types\/page"}],"author":[{"embeddable":true,"href":"https:\/\/lineact.cesi.fr\/en\/wp-json\/wp\/v2\/users\/78"}],"replies":[{"embeddable":true,"href":"https:\/\/lineact.cesi.fr\/en\/wp-json\/wp\/v2\/comments?post=122925"}],"version-history":[{"count":6,"href":"https:\/\/lineact.cesi.fr\/en\/wp-json\/wp\/v2\/pages\/122925\/revisions"}],"predecessor-version":[{"id":193731,"href":"https:\/\/lineact.cesi.fr\/en\/wp-json\/wp\/v2\/pages\/122925\/revisions\/193731"}],"up":[{"embeddable":true,"href":"https:\/\/lineact.cesi.fr\/en\/wp-json\/wp\/v2\/pages\/124206"}],"wp:attachment":[{"href":"https:\/\/lineact.cesi.fr\/en\/wp-json\/wp\/v2\/media?parent=122925"}],"curies":[{"name":"wp","href":"https:\/\/api.w.org\/{rel}","templated":true}]}}