{"id":123003,"date":"2024-06-18T15:44:04","date_gmt":"2024-06-18T13:44:04","guid":{"rendered":"https:\/\/lineact.cesi.fr\/?page_id=123003"},"modified":"2025-11-21T14:59:26","modified_gmt":"2025-11-21T13:59:26","slug":"mechanics-materials-and-processes","status":"publish","type":"page","link":"https:\/\/lineact.cesi.fr\/en\/engineering-and-numerical-tools\/thematics\/mechanics-materials-and-processes\/","title":{"rendered":"Mechanics, Materials and Processes"},"content":{"rendered":"\n<div class=\"wp-block-group section hero is-layout-flow wp-block-group-is-layout-flow\">\n<div class=\"wp-block-group hero__text-wrapper is-layout-flow wp-block-group-is-layout-flow\">\n<div class=\"wp-block-group hero__text-core is-layout-flow wp-block-group-is-layout-flow\">\n<div class=\"wp-block-group hero__text-edito has-yellow-background-color has-background is-layout-flow wp-block-group-is-layout-flow\"><h1 class=\"title--1 is-style-title-cesi-underline wp-block-post-title\"><span>Mechanics, Materials and Processes<\/span><\/h1>\n\n<div class=\"wp-block-post-excerpt\"><p class=\"wp-block-post-excerpt__excerpt\">Discover the theme : &#8220;Mechanics, Materials and Processes&#8221; <\/p><\/div><\/div>\n\n\n\n<div class=\"wp-block-group hero__text-nav smaller-font is-layout-flow wp-block-group-is-layout-flow\">\n<h2 class=\"wp-block-heading hero__text-nav-title\">In this page&nbsp;:<\/h2>\n\n\n\n<ul class=\"list-slug wp-block-list\">\n<li><a href=\"#presentation\">Theme presentation<\/a><\/li>\n\n\n\n<li><a href=\"#researchers\">Researchers<\/a><\/li>\n\n\n\n<li><a href=\"#phd\">PhD Students<\/a><\/li>\n<\/ul>\n<\/div>\n<\/div>\n<\/div>\n<\/div>\n\n\n\n<div id=\"presentation\" class=\"wp-block-group section is-layout-flow wp-block-group-is-layout-flow\">\n<div class=\"wp-block-group wrapper__inner is-layout-flow wp-block-group-is-layout-flow\">\n<h2 class=\"wp-block-heading title--2 is-style-title-cesi-underline\"><span><strong><strong>Theme presentation<\/strong><\/strong><\/span><\/h2>\n\n\n\n<h3 class=\"wp-block-heading title--3\"><strong>Application Areas<\/strong><\/h3>\n\n\n\n<ul class=\"wp-block-list\">\n<li>Construction 4. 0 and sustainable city<\/li>\n\n\n\n<li>Industry 5.0<\/li>\n<\/ul>\n\n\n\n<div class=\"wp-block-group editorial__picture editorial__aside is-style-editorial-aside-big editorial__aside--picture is-layout-flow wp-block-group-is-layout-flow\">\n<figure class=\"wp-block-image aligncenter size-full\"><img loading=\"lazy\" decoding=\"async\" width=\"736\" height=\"836\" src=\"https:\/\/lineact.cesi.fr\/wp-content\/uploads\/2024\/06\/Polym-Eng-Sci-2024.png\" alt=\"\" class=\"wp-image-122986\" srcset=\"https:\/\/lineact.cesi.fr\/wp-content\/uploads\/2024\/06\/Polym-Eng-Sci-2024.png 736w, https:\/\/lineact.cesi.fr\/wp-content\/uploads\/2024\/06\/Polym-Eng-Sci-2024-360x409.png 360w, https:\/\/lineact.cesi.fr\/wp-content\/uploads\/2024\/06\/Polym-Eng-Sci-2024-500x568.png 500w, https:\/\/lineact.cesi.fr\/wp-content\/uploads\/2024\/06\/Polym-Eng-Sci-2024-689x783.png 689w\" sizes=\"auto, (max-width: 736px) 100vw, 736px\" \/><\/figure>\n<\/div>\n\n\n\n<h3 class=\"wp-block-heading title--3\"><strong>Key Research Questions<\/strong><\/h3>\n\n\n\n<ul class=\"wp-block-list\">\n<li>How does the implementation of biobased and geobased materials influence their properties?<\/li>\n\n\n\n<li>How to model the behavior laws of these materials, integrating both experimental data and numerical tools such as AI, FEM, etc.?<\/li>\n\n\n\n<li>How to model the degradation mechanisms of these materials to simulate the service life of parts and structures?<\/li>\n<\/ul>\n\n\n\n<hr class=\"wp-block-separator has-alpha-channel-opacity is-style-invisible\"\/>\n\n\n\n<h3 class=\"wp-block-heading title--3\"><strong>Illustrations of Scientific Activity:<\/strong><\/h3>\n\n\n\n<p>Barros S, Casari P, Ribeiro ML. Aging properties of a vegetable-based polyurethane foam under high relative humidity and different temperatures. Polym Eng Sci. 2024;1\u201017. doi: 10.1002\/pen.26725. <a href=\"https:\/\/hal.science\/hal-04517166\">https:\/\/hal.science\/hal-04517166<\/a><\/p>\n\n\n\n<p>Tazi M.A., Lima R., da Silva E.H., Jebli M., Teixeira De Freitas S., Casari P., de Barros S. Experimental evaluation of interface adhesion of a flax fiber composite patch with epoxy and polyurethane adhesives for the reinforcement of steel structures (2024) International Journal of Adhesion and Adhesives. DOI: 10.1016\/j.ijadhadh.2023.103559. <a href=\"https:\/\/hal.science\/hal-04290162\">https:\/\/hal.science\/hal-04290162<\/a><\/p>\n\n\n\n<hr class=\"wp-block-separator has-alpha-channel-opacity is-style-invisible\"\/>\n\n\n\n<figure class=\"wp-block-image aligncenter size-full is-resized\"><img loading=\"lazy\" decoding=\"async\" width=\"662\" height=\"422\" src=\"https:\/\/lineact.cesi.fr\/wp-content\/uploads\/2024\/06\/IJAA.png\" alt=\"\" class=\"wp-image-122988\" style=\"width:662px;height:auto\" srcset=\"https:\/\/lineact.cesi.fr\/wp-content\/uploads\/2024\/06\/IJAA.png 662w, https:\/\/lineact.cesi.fr\/wp-content\/uploads\/2024\/06\/IJAA-360x229.png 360w, https:\/\/lineact.cesi.fr\/wp-content\/uploads\/2024\/06\/IJAA-500x319.png 500w\" sizes=\"auto, (max-width: 662px) 100vw, 662px\" \/><\/figure>\n\n\n\n<hr class=\"wp-block-separator has-alpha-channel-opacity is-style-invisible\"\/>\n\n\n\n<p>M.N-E. Hamdadou, F. Bignonnet, W. Deboucha, H. Ranaivomanana, N. Leklou, et al.. Hydration, mechanical and transfer properties of blended cement pastes and mortars prepared with recycled powder or limestone filler. Journal of Building Engineering, 2023, 78, pp.107541. doi: 10.1016\/j.jobe.2023.107541. <a href=\"https:\/\/hal.science\/hal-04192310\">https:\/\/hal.science\/hal-04192310<\/a><\/p>\n\n\n\n<figure class=\"wp-block-image size-full\"><img loading=\"lazy\" decoding=\"async\" width=\"853\" height=\"613\" src=\"https:\/\/lineact.cesi.fr\/wp-content\/uploads\/2024\/06\/Journal-of-Building-Engineering.png\" alt=\"\" class=\"wp-image-122990\" srcset=\"https:\/\/lineact.cesi.fr\/wp-content\/uploads\/2024\/06\/Journal-of-Building-Engineering.png 853w, https:\/\/lineact.cesi.fr\/wp-content\/uploads\/2024\/06\/Journal-of-Building-Engineering-360x259.png 360w, https:\/\/lineact.cesi.fr\/wp-content\/uploads\/2024\/06\/Journal-of-Building-Engineering-500x359.png 500w, https:\/\/lineact.cesi.fr\/wp-content\/uploads\/2024\/06\/Journal-of-Building-Engineering-768x552.png 768w\" sizes=\"auto, (max-width: 853px) 100vw, 853px\" \/><\/figure>\n\n\n\n<hr class=\"wp-block-separator has-alpha-channel-opacity is-style-invisible\"\/>\n\n\n\n<p>M.M. Arouche, S. Teixeira de Freitas &amp; S. de Barros (2021): Evaluation of the strain-based partitioning method for mixed-mode I+II fracture of bi-material cracks, The Journal of Adhesion, DOI: 10.1080\/00218464.2021.1981297. &nbsp;<a href=\"https:\/\/hal.science\/hal-04108268v1\">https:\/\/hal.science\/hal-04108268v1<\/a><\/p>\n\n\n\n<figure class=\"wp-block-image aligncenter size-full\"><img loading=\"lazy\" decoding=\"async\" width=\"737\" height=\"359\" src=\"https:\/\/lineact.cesi.fr\/wp-content\/uploads\/2024\/06\/JA-mixed-mode.png\" alt=\"\" class=\"wp-image-122992\" srcset=\"https:\/\/lineact.cesi.fr\/wp-content\/uploads\/2024\/06\/JA-mixed-mode.png 737w, https:\/\/lineact.cesi.fr\/wp-content\/uploads\/2024\/06\/JA-mixed-mode-360x175.png 360w, https:\/\/lineact.cesi.fr\/wp-content\/uploads\/2024\/06\/JA-mixed-mode-500x244.png 500w\" sizes=\"auto, (max-width: 737px) 100vw, 737px\" \/><\/figure>\n\n\n\n<p><strong>Theme Leader: <\/strong>DE BARROS Silvio<\/p>\n<\/div>\n<\/div>\n\n\n\n<div id=\"researchers\" class=\"wp-block-group section has-grey-background-color has-background is-layout-flow wp-block-group-is-layout-flow\">\n<div class=\"wp-block-group wrapper__inner is-layout-flow wp-block-group-is-layout-flow\">\n<h2 class=\"wp-block-heading title--2 is-style-title-cesi-underline\"><span><strong>Researchers<\/strong><\/span><\/h2>\n\n\n\n<ul class=\"wp-block-list\">\n<li>ABID Fatma<\/li>\n\n\n\n<li>ALAILI Kamal<\/li>\n\n\n\n<li>BETTINI William<\/li>\n\n\n\n<li>DEBOUCHA Walid<\/li>\n\n\n\n<li>GRANGEAT Romain<\/li>\n\n\n\n<li>GUIGOT Corentin<\/li>\n\n\n\n<li>HARIZ Marwan<\/li>\n\n\n\n<li>HODROJ Abbas<\/li>\n\n\n\n<li>JEBLI Mouad<\/li>\n\n\n\n<li>PENOT Jean-Daniel<\/li>\n\n\n\n<li>TEDJDITI Ahmed Kamel<\/li>\n\n\n\n<li>TLAIJI Tala<\/li>\n<\/ul>\n<\/div>\n<\/div>\n\n\n\n<div id=\"phd\" class=\"wp-block-group section is-style-editorial-aside-small has-white-background-color has-background is-layout-flow wp-block-group-is-layout-flow\">\n<div class=\"wp-block-group wrapper__inner is-layout-flow wp-block-group-is-layout-flow\">\n<h2 class=\"wp-block-heading title--2 is-style-title-cesi-underline\"><span>PhD Students<\/span><\/h2>\n\n\n\n<ul class=\"wp-block-list\">\n<li>HOUHOU Maryam, \u00c9tude de l\u2019application des composites \u00e0 matrice g\u00e9opolym\u00e8re dans la fabrication conteneurs de d\u00e9chets toxiques, 2022<\/li>\n\n\n\n<li>TAZI Mohamed-Amine, La r\u00e9paration des structures en b\u00e9ton par des patchs composites. HESAM Universit\u00e9, 2022<\/li>\n\n\n\n<li>ROHEM Ney Robson, L&#8217;influence du facteur de forme sur la fatigue des joints coll\u00e9s, 2023<\/li>\n\n\n\n<li>PINTO Edvan, L&#8217;influence du vieillissement hygroscopique sur le fluage des joints coll\u00e9s, 2023<\/li>\n<\/ul>\n<\/div>\n<\/div>\n","protected":false},"excerpt":{"rendered":"<p>Discover the theme : &#8220;Mechanics, Materials and Processes&#8221;<\/p>\n","protected":false},"author":78,"featured_media":0,"parent":124206,"menu_order":0,"comment_status":"closed","ping_status":"closed","template":"","meta":{"_acf_changed":false,"footnotes":""},"class_list":["post-123003","page","type-page","status-publish","hentry"],"acf":[],"yoast_head":"<!-- This site is optimized with the Yoast SEO plugin v27.3 - https:\/\/yoast.com\/product\/yoast-seo-wordpress\/ -->\n<title>Mechanics, Materials and Processes - CESI LINEACT<\/title>\n<meta name=\"robots\" content=\"index, follow, max-snippet:-1, max-image-preview:large, max-video-preview:-1\" \/>\n<link rel=\"canonical\" href=\"https:\/\/lineact.cesi.fr\/en\/engineering-and-numerical-tools\/thematics\/mechanics-materials-and-processes\/\" \/>\n<meta property=\"og:locale\" content=\"en_US\" \/>\n<meta property=\"og:type\" content=\"article\" \/>\n<meta property=\"og:title\" content=\"Mechanics, Materials and Processes - CESI LINEACT\" \/>\n<meta property=\"og:description\" content=\"Discover the theme : &quot;Mechanics, Materials and Processes&quot;\" \/>\n<meta property=\"og:url\" content=\"https:\/\/lineact.cesi.fr\/en\/engineering-and-numerical-tools\/thematics\/mechanics-materials-and-processes\/\" \/>\n<meta property=\"og:site_name\" content=\"CESI LINEACT\" \/>\n<meta property=\"article:modified_time\" content=\"2025-11-21T13:59:26+00:00\" \/>\n<meta property=\"og:image\" content=\"https:\/\/lineact.cesi.fr\/wp-content\/uploads\/2024\/06\/Polym-Eng-Sci-2024.png\" \/>\n\t<meta property=\"og:image:width\" content=\"736\" \/>\n\t<meta property=\"og:image:height\" content=\"836\" \/>\n\t<meta property=\"og:image:type\" content=\"image\/png\" \/>\n<meta name=\"twitter:card\" content=\"summary_large_image\" \/>\n<meta name=\"twitter:label1\" content=\"Est. reading time\" \/>\n\t<meta name=\"twitter:data1\" content=\"3 minutes\" \/>\n<script type=\"application\/ld+json\" class=\"yoast-schema-graph\">{\"@context\":\"https:\\\/\\\/schema.org\",\"@graph\":[{\"@type\":\"WebPage\",\"@id\":\"https:\\\/\\\/lineact.cesi.fr\\\/en\\\/engineering-and-numerical-tools\\\/thematics\\\/mechanics-materials-and-processes\\\/\",\"url\":\"https:\\\/\\\/lineact.cesi.fr\\\/en\\\/engineering-and-numerical-tools\\\/thematics\\\/mechanics-materials-and-processes\\\/\",\"name\":\"Mechanics, Materials and Processes - CESI LINEACT\",\"isPartOf\":{\"@id\":\"https:\\\/\\\/lineact.cesi.fr\\\/en\\\/#website\"},\"primaryImageOfPage\":{\"@id\":\"https:\\\/\\\/lineact.cesi.fr\\\/en\\\/engineering-and-numerical-tools\\\/thematics\\\/mechanics-materials-and-processes\\\/#primaryimage\"},\"image\":{\"@id\":\"https:\\\/\\\/lineact.cesi.fr\\\/en\\\/engineering-and-numerical-tools\\\/thematics\\\/mechanics-materials-and-processes\\\/#primaryimage\"},\"thumbnailUrl\":\"https:\\\/\\\/lineact.cesi.fr\\\/wp-content\\\/uploads\\\/2024\\\/06\\\/Polym-Eng-Sci-2024.png\",\"datePublished\":\"2024-06-18T13:44:04+00:00\",\"dateModified\":\"2025-11-21T13:59:26+00:00\",\"breadcrumb\":{\"@id\":\"https:\\\/\\\/lineact.cesi.fr\\\/en\\\/engineering-and-numerical-tools\\\/thematics\\\/mechanics-materials-and-processes\\\/#breadcrumb\"},\"inLanguage\":\"en-US\",\"potentialAction\":[{\"@type\":\"ReadAction\",\"target\":[\"https:\\\/\\\/lineact.cesi.fr\\\/en\\\/engineering-and-numerical-tools\\\/thematics\\\/mechanics-materials-and-processes\\\/\"]}]},{\"@type\":\"ImageObject\",\"inLanguage\":\"en-US\",\"@id\":\"https:\\\/\\\/lineact.cesi.fr\\\/en\\\/engineering-and-numerical-tools\\\/thematics\\\/mechanics-materials-and-processes\\\/#primaryimage\",\"url\":\"https:\\\/\\\/lineact.cesi.fr\\\/wp-content\\\/uploads\\\/2024\\\/06\\\/Polym-Eng-Sci-2024.png\",\"contentUrl\":\"https:\\\/\\\/lineact.cesi.fr\\\/wp-content\\\/uploads\\\/2024\\\/06\\\/Polym-Eng-Sci-2024.png\"},{\"@type\":\"BreadcrumbList\",\"@id\":\"https:\\\/\\\/lineact.cesi.fr\\\/en\\\/engineering-and-numerical-tools\\\/thematics\\\/mechanics-materials-and-processes\\\/#breadcrumb\",\"itemListElement\":[{\"@type\":\"ListItem\",\"position\":1,\"name\":\"Accueil\",\"item\":\"https:\\\/\\\/lineact.cesi.fr\\\/en\\\/\"},{\"@type\":\"ListItem\",\"position\":2,\"name\":\"Engineering and Digital tools\",\"item\":\"https:\\\/\\\/lineact.cesi.fr\\\/en\\\/engineering-and-numerical-tools\\\/\"},{\"@type\":\"ListItem\",\"position\":3,\"name\":\"Thematics\",\"item\":\"https:\\\/\\\/lineact.cesi.fr\\\/en\\\/engineering-and-numerical-tools\\\/thematics\\\/\"},{\"@type\":\"ListItem\",\"position\":4,\"name\":\"Mechanics, Materials and Processes\"}]},{\"@type\":\"WebSite\",\"@id\":\"https:\\\/\\\/lineact.cesi.fr\\\/en\\\/#website\",\"url\":\"https:\\\/\\\/lineact.cesi.fr\\\/en\\\/\",\"name\":\"CESI LINEACT\",\"description\":\"Laboratoire de recherche et d&#039;innovation\",\"publisher\":{\"@id\":\"https:\\\/\\\/lineact.cesi.fr\\\/en\\\/#organization\"},\"potentialAction\":[{\"@type\":\"SearchAction\",\"target\":{\"@type\":\"EntryPoint\",\"urlTemplate\":\"https:\\\/\\\/lineact.cesi.fr\\\/en\\\/?s={search_term_string}\"},\"query-input\":{\"@type\":\"PropertyValueSpecification\",\"valueRequired\":true,\"valueName\":\"search_term_string\"}}],\"inLanguage\":\"en-US\"},{\"@type\":\"Organization\",\"@id\":\"https:\\\/\\\/lineact.cesi.fr\\\/en\\\/#organization\",\"name\":\"CESI LINEACT\",\"url\":\"https:\\\/\\\/lineact.cesi.fr\\\/en\\\/\",\"logo\":{\"@type\":\"ImageObject\",\"inLanguage\":\"en-US\",\"@id\":\"https:\\\/\\\/lineact.cesi.fr\\\/en\\\/#\\\/schema\\\/logo\\\/image\\\/\",\"url\":\"https:\\\/\\\/lineact.cesi.fr\\\/wp-content\\\/uploads\\\/2022\\\/11\\\/cropped-LOGOTYPE_CESI_QUADRI_RVB_2.png\",\"contentUrl\":\"https:\\\/\\\/lineact.cesi.fr\\\/wp-content\\\/uploads\\\/2022\\\/11\\\/cropped-LOGOTYPE_CESI_QUADRI_RVB_2.png\",\"width\":862,\"height\":112,\"caption\":\"CESI LINEACT\"},\"image\":{\"@id\":\"https:\\\/\\\/lineact.cesi.fr\\\/en\\\/#\\\/schema\\\/logo\\\/image\\\/\"}}]}<\/script>\n<!-- \/ Yoast SEO plugin. -->","yoast_head_json":{"title":"Mechanics, Materials and Processes - CESI LINEACT","robots":{"index":"index","follow":"follow","max-snippet":"max-snippet:-1","max-image-preview":"max-image-preview:large","max-video-preview":"max-video-preview:-1"},"canonical":"https:\/\/lineact.cesi.fr\/en\/engineering-and-numerical-tools\/thematics\/mechanics-materials-and-processes\/","og_locale":"en_US","og_type":"article","og_title":"Mechanics, Materials and Processes - CESI LINEACT","og_description":"Discover the theme : \"Mechanics, Materials and Processes\"","og_url":"https:\/\/lineact.cesi.fr\/en\/engineering-and-numerical-tools\/thematics\/mechanics-materials-and-processes\/","og_site_name":"CESI LINEACT","article_modified_time":"2025-11-21T13:59:26+00:00","og_image":[{"width":736,"height":836,"url":"https:\/\/lineact.cesi.fr\/wp-content\/uploads\/2024\/06\/Polym-Eng-Sci-2024.png","type":"image\/png"}],"twitter_card":"summary_large_image","twitter_misc":{"Est. reading time":"3 minutes"},"schema":{"@context":"https:\/\/schema.org","@graph":[{"@type":"WebPage","@id":"https:\/\/lineact.cesi.fr\/en\/engineering-and-numerical-tools\/thematics\/mechanics-materials-and-processes\/","url":"https:\/\/lineact.cesi.fr\/en\/engineering-and-numerical-tools\/thematics\/mechanics-materials-and-processes\/","name":"Mechanics, Materials and Processes - CESI LINEACT","isPartOf":{"@id":"https:\/\/lineact.cesi.fr\/en\/#website"},"primaryImageOfPage":{"@id":"https:\/\/lineact.cesi.fr\/en\/engineering-and-numerical-tools\/thematics\/mechanics-materials-and-processes\/#primaryimage"},"image":{"@id":"https:\/\/lineact.cesi.fr\/en\/engineering-and-numerical-tools\/thematics\/mechanics-materials-and-processes\/#primaryimage"},"thumbnailUrl":"https:\/\/lineact.cesi.fr\/wp-content\/uploads\/2024\/06\/Polym-Eng-Sci-2024.png","datePublished":"2024-06-18T13:44:04+00:00","dateModified":"2025-11-21T13:59:26+00:00","breadcrumb":{"@id":"https:\/\/lineact.cesi.fr\/en\/engineering-and-numerical-tools\/thematics\/mechanics-materials-and-processes\/#breadcrumb"},"inLanguage":"en-US","potentialAction":[{"@type":"ReadAction","target":["https:\/\/lineact.cesi.fr\/en\/engineering-and-numerical-tools\/thematics\/mechanics-materials-and-processes\/"]}]},{"@type":"ImageObject","inLanguage":"en-US","@id":"https:\/\/lineact.cesi.fr\/en\/engineering-and-numerical-tools\/thematics\/mechanics-materials-and-processes\/#primaryimage","url":"https:\/\/lineact.cesi.fr\/wp-content\/uploads\/2024\/06\/Polym-Eng-Sci-2024.png","contentUrl":"https:\/\/lineact.cesi.fr\/wp-content\/uploads\/2024\/06\/Polym-Eng-Sci-2024.png"},{"@type":"BreadcrumbList","@id":"https:\/\/lineact.cesi.fr\/en\/engineering-and-numerical-tools\/thematics\/mechanics-materials-and-processes\/#breadcrumb","itemListElement":[{"@type":"ListItem","position":1,"name":"Accueil","item":"https:\/\/lineact.cesi.fr\/en\/"},{"@type":"ListItem","position":2,"name":"Engineering and Digital tools","item":"https:\/\/lineact.cesi.fr\/en\/engineering-and-numerical-tools\/"},{"@type":"ListItem","position":3,"name":"Thematics","item":"https:\/\/lineact.cesi.fr\/en\/engineering-and-numerical-tools\/thematics\/"},{"@type":"ListItem","position":4,"name":"Mechanics, Materials and Processes"}]},{"@type":"WebSite","@id":"https:\/\/lineact.cesi.fr\/en\/#website","url":"https:\/\/lineact.cesi.fr\/en\/","name":"CESI LINEACT","description":"Laboratoire de recherche et d&#039;innovation","publisher":{"@id":"https:\/\/lineact.cesi.fr\/en\/#organization"},"potentialAction":[{"@type":"SearchAction","target":{"@type":"EntryPoint","urlTemplate":"https:\/\/lineact.cesi.fr\/en\/?s={search_term_string}"},"query-input":{"@type":"PropertyValueSpecification","valueRequired":true,"valueName":"search_term_string"}}],"inLanguage":"en-US"},{"@type":"Organization","@id":"https:\/\/lineact.cesi.fr\/en\/#organization","name":"CESI LINEACT","url":"https:\/\/lineact.cesi.fr\/en\/","logo":{"@type":"ImageObject","inLanguage":"en-US","@id":"https:\/\/lineact.cesi.fr\/en\/#\/schema\/logo\/image\/","url":"https:\/\/lineact.cesi.fr\/wp-content\/uploads\/2022\/11\/cropped-LOGOTYPE_CESI_QUADRI_RVB_2.png","contentUrl":"https:\/\/lineact.cesi.fr\/wp-content\/uploads\/2022\/11\/cropped-LOGOTYPE_CESI_QUADRI_RVB_2.png","width":862,"height":112,"caption":"CESI LINEACT"},"image":{"@id":"https:\/\/lineact.cesi.fr\/en\/#\/schema\/logo\/image\/"}}]}},"_links":{"self":[{"href":"https:\/\/lineact.cesi.fr\/en\/wp-json\/wp\/v2\/pages\/123003","targetHints":{"allow":["GET"]}}],"collection":[{"href":"https:\/\/lineact.cesi.fr\/en\/wp-json\/wp\/v2\/pages"}],"about":[{"href":"https:\/\/lineact.cesi.fr\/en\/wp-json\/wp\/v2\/types\/page"}],"author":[{"embeddable":true,"href":"https:\/\/lineact.cesi.fr\/en\/wp-json\/wp\/v2\/users\/78"}],"replies":[{"embeddable":true,"href":"https:\/\/lineact.cesi.fr\/en\/wp-json\/wp\/v2\/comments?post=123003"}],"version-history":[{"count":5,"href":"https:\/\/lineact.cesi.fr\/en\/wp-json\/wp\/v2\/pages\/123003\/revisions"}],"predecessor-version":[{"id":193734,"href":"https:\/\/lineact.cesi.fr\/en\/wp-json\/wp\/v2\/pages\/123003\/revisions\/193734"}],"up":[{"embeddable":true,"href":"https:\/\/lineact.cesi.fr\/en\/wp-json\/wp\/v2\/pages\/124206"}],"wp:attachment":[{"href":"https:\/\/lineact.cesi.fr\/en\/wp-json\/wp\/v2\/media?parent=123003"}],"curies":[{"name":"wp","href":"https:\/\/api.w.org\/{rel}","templated":true}]}}